{"id":38,"date":"2022-07-04T09:03:03","date_gmt":"2022-07-04T07:03:03","guid":{"rendered":"http:\/\/dein-spiel-dein-leben.de\/?page_id=38"},"modified":"2022-07-04T09:03:03","modified_gmt":"2022-07-04T07:03:03","slug":"kontakt","status":"publish","type":"page","link":"https:\/\/dein-spiel-dein-leben.de\/?page_id=38","title":{"rendered":"Kontakt"},"content":{"rendered":"\n<p><strong>Spielraum<\/strong><br>f\u00fcr Medienp\u00e4dagogik in der digitalen Spielekultur<\/p>\n\n\n\n<p>Fakult\u00e4t f\u00fcr Angewandte Sozialwissenschaften<br>Institut f\u00fcr Medienforschung und Medienp\u00e4dagogik (IMM)<br>TH K\u00f6ln<br>Ubierring 48<br>50678 K\u00f6ln<\/p>\n\n\n\n<p>Tel.: +49 221-8275-3536<br>E-Mail: <a href=\"mailto: spielraum.f01@th-koeln.de\">spielraum@th-koeln.de<\/a><\/p>\n","protected":false},"excerpt":{"rendered":"<p>Spielraumf\u00fcr Medienp\u00e4dagogik in der digitalen Spielekultur Fakult\u00e4t f\u00fcr Angewandte SozialwissenschaftenInstitut f\u00fcr Medienforschung und Medienp\u00e4dagogik (IMM)TH K\u00f6lnUbierring 4850678 K\u00f6ln Tel.: +49 221-8275-3536E-Mail: spielraum@th-koeln.de<\/p>\n","protected":false},"author":1,"featured_media":0,"parent":0,"menu_order":0,"comment_status":"closed","ping_status":"closed","template":"","meta":{"footnotes":""},"class_list":["post-38","page","type-page","status-publish","hentry"],"_links":{"self":[{"href":"https:\/\/dein-spiel-dein-leben.de\/index.php?rest_route=\/wp\/v2\/pages\/38","targetHints":{"allow":["GET"]}}],"collection":[{"href":"https:\/\/dein-spiel-dein-leben.de\/index.php?rest_route=\/wp\/v2\/pages"}],"about":[{"href":"https:\/\/dein-spiel-dein-leben.de\/index.php?rest_route=\/wp\/v2\/types\/page"}],"author":[{"embeddable":true,"href":"https:\/\/dein-spiel-dein-leben.de\/index.php?rest_route=\/wp\/v2\/users\/1"}],"replies":[{"embeddable":true,"href":"https:\/\/dein-spiel-dein-leben.de\/index.php?rest_route=%2Fwp%2Fv2%2Fcomments&post=38"}],"version-history":[{"count":1,"href":"https:\/\/dein-spiel-dein-leben.de\/index.php?rest_route=\/wp\/v2\/pages\/38\/revisions"}],"predecessor-version":[{"id":39,"href":"https:\/\/dein-spiel-dein-leben.de\/index.php?rest_route=\/wp\/v2\/pages\/38\/revisions\/39"}],"wp:attachment":[{"href":"https:\/\/dein-spiel-dein-leben.de\/index.php?rest_route=%2Fwp%2Fv2%2Fmedia&parent=38"}],"curies":[{"name":"wp","href":"https:\/\/api.w.org\/{rel}","templated":true}]}}