{"id":33,"date":"2022-07-04T08:57:44","date_gmt":"2022-07-04T06:57:44","guid":{"rendered":"http:\/\/dein-spiel-dein-leben.de\/?page_id=33"},"modified":"2022-07-04T08:57:44","modified_gmt":"2022-07-04T06:57:44","slug":"impressum","status":"publish","type":"page","link":"https:\/\/dein-spiel-dein-leben.de\/?page_id=33","title":{"rendered":"Impressum"},"content":{"rendered":"\n<p>Auf der Webseite <a href=\"http:\/\/www.dein-spiel-dein-leben.de\">www.dein-spiel-dein-leben.de<\/a> wird die abgeschlossene Kampagne &#8222;Dein Spiel. Dein Leben&#8220; pr\u00e4sentiert, die von \u201eSpielraum\u201c als ein Teil des Forschungsschwerkpunkts \u201eMedienwelten\u201c des Instituts f\u00fcr Medienforschung und Medienp\u00e4dagogik an der Fakult\u00e4t f\u00fcr Angewandte Sozialwissenschaften verantwortet wird.<\/p>\n\n\n\n<p>TH K\u00f6ln<br>Claudiusstr. 1<br>50678 K\u00f6ln<\/p>\n\n\n\n<p>Postanschrift<br>Gustav-Heinemann-Ufer 54<br>50968 K\u00f6ln<\/p>\n\n\n\n<p>T: + 49 221-8275-0<br>F: + 49 221-8275-3131<br>E: poststelle@th-koeln.de<\/p>\n\n\n\n<p>Die TH K\u00f6ln (Technische Hochschule K\u00f6ln) ist eine K\u00f6rperschaft des \u00d6ffentlichen Rechts.<br>Sie wird durch den Pr\u00e4sidenten Prof. Dr. Stefan Herzig gesetzlich vertreten.<\/p>\n\n\n\n<p>Zust\u00e4ndige Aufsichtsbeh\u00f6rde:<br>Ministerium f\u00fcr Kultur und Wissenschaft des Landes Nordrhein-Westfalen<br>V\u00f6lklinger Str. 49<br>40221 D\u00fcsseldorf<br>T: +49 211-896-04<br>F: +49 211-896-4555<br>http:\/\/www.wissenschaft.nrw.de\/<\/p>\n\n\n\n<p>Umsatzsteuer-Identifikationsnummer gem. \u00a7 27a Umsatzsteuergesetz:<br>DE 122653679<\/p>\n","protected":false},"excerpt":{"rendered":"<p>Auf der Webseite www.dein-spiel-dein-leben.de wird die abgeschlossene Kampagne &#8222;Dein Spiel. Dein Leben&#8220; pr\u00e4sentiert, die von \u201eSpielraum\u201c als ein Teil des Forschungsschwerkpunkts \u201eMedienwelten\u201c des Instituts f\u00fcr Medienforschung und Medienp\u00e4dagogik an der Fakult\u00e4t f\u00fcr Angewandte Sozialwissenschaften verantwortet wird. TH K\u00f6lnClaudiusstr. 150678 K\u00f6ln &hellip; <a href=\"https:\/\/dein-spiel-dein-leben.de\/?page_id=33\">Weiterlesen <span class=\"meta-nav\">&rarr;<\/span><\/a><\/p>\n","protected":false},"author":1,"featured_media":0,"parent":0,"menu_order":0,"comment_status":"closed","ping_status":"closed","template":"","meta":{"footnotes":""},"class_list":["post-33","page","type-page","status-publish","hentry"],"_links":{"self":[{"href":"https:\/\/dein-spiel-dein-leben.de\/index.php?rest_route=\/wp\/v2\/pages\/33","targetHints":{"allow":["GET"]}}],"collection":[{"href":"https:\/\/dein-spiel-dein-leben.de\/index.php?rest_route=\/wp\/v2\/pages"}],"about":[{"href":"https:\/\/dein-spiel-dein-leben.de\/index.php?rest_route=\/wp\/v2\/types\/page"}],"author":[{"embeddable":true,"href":"https:\/\/dein-spiel-dein-leben.de\/index.php?rest_route=\/wp\/v2\/users\/1"}],"replies":[{"embeddable":true,"href":"https:\/\/dein-spiel-dein-leben.de\/index.php?rest_route=%2Fwp%2Fv2%2Fcomments&post=33"}],"version-history":[{"count":1,"href":"https:\/\/dein-spiel-dein-leben.de\/index.php?rest_route=\/wp\/v2\/pages\/33\/revisions"}],"predecessor-version":[{"id":34,"href":"https:\/\/dein-spiel-dein-leben.de\/index.php?rest_route=\/wp\/v2\/pages\/33\/revisions\/34"}],"wp:attachment":[{"href":"https:\/\/dein-spiel-dein-leben.de\/index.php?rest_route=%2Fwp%2Fv2%2Fmedia&parent=33"}],"curies":[{"name":"wp","href":"https:\/\/api.w.org\/{rel}","templated":true}]}}